{"id":276,"date":"2019-12-09T11:10:58","date_gmt":"2019-12-09T11:10:58","guid":{"rendered":"https:\/\/demo.wpzoom.com\/derive\/?page_id=276"},"modified":"2025-06-22T11:37:57","modified_gmt":"2025-06-22T11:37:57","slug":"acerca-de","status":"publish","type":"page","link":"https:\/\/doinasia.com\/es\/acerca-de\/","title":{"rendered":"Acerca de"},"content":{"rendered":"<p>D\u00e9rive es un tema de WordPress para viajes y fotograf\u00eda, dise\u00f1ado para ayudarte a crear historias visuales excepcionales. Su flexibilidad lo convierte en la opci\u00f3n ideal para fot\u00f3grafos de viajes, narradores y fotoperiodistas que desean compartir sus experiencias en l\u00ednea.<\/p>\n\t\t\t\t<figure>\n\t\t\t\t<img decoding=\"async\" src=\"https:\/\/doinasia.com\/wp-content\/uploads\/2019\/12\/photo3.png\" alt=\"photo3\" itemprop=\"image\"\/>\n\t\t\t\t\t\t<figcaption>\n\t\t\t\t<h3>\n\t\t\t\t\t\t\t\tMichael Chosen\n\t\t\t\t\t\t\t\t<\/h3>\n\t\t\t\tFot\u00f3grafo\n\t\t\t\t\t\t\t\t\t<p>Este es un texto de prueba. No se supone que debas leerlo; es solo un marcador para quienes necesiten algo para visualizar c\u00f3mo se ver\u00eda el texto real si fuera contenido real.<\/p>\n\t\t\t\t\t\t\t<\/figcaption>\n\t\t<\/figure>\n\t\t\t\t<figure>\n\t\t\t\t<img decoding=\"async\" src=\"https:\/\/doinasia.com\/wp-content\/uploads\/2019\/12\/photo2.png\" alt=\"photo3\" itemprop=\"image\"\/>\n\t\t\t\t\t\t<figcaption>\n\t\t\t\t<h3>\n\t\t\t\t\t\t\t\tGrace Lowe\n\t\t\t\t\t\t\t\t<\/h3>\n\t\t\t\tFot\u00f3grafo\n\t\t\t\t\t\t\t\t\t<p>Este es un texto de prueba. No se supone que debas leerlo; es solo un marcador para quienes necesiten algo para visualizar c\u00f3mo se ver\u00eda el texto real si fuera contenido real.<\/p>\n\t\t\t\t\t\t\t<\/figcaption>\n\t\t<\/figure>\n\t\t\t\t<figure>\n\t\t\t\t<img decoding=\"async\" src=\"https:\/\/doinasia.com\/wp-content\/uploads\/2019\/12\/photo1.png\" alt=\"photo3\" itemprop=\"image\"\/>\n\t\t\t\t\t\t<figcaption>\n\t\t\t\t<h3>\n\t\t\t\t\t\t\t\tTim Trail\n\t\t\t\t\t\t\t\t<\/h3>\n\t\t\t\tPeriodista\n\t\t\t\t\t\t\t\t\t<p>Este es un texto de prueba. No se supone que debas leerlo; es solo un marcador para quienes necesiten algo para visualizar c\u00f3mo se ver\u00eda el texto real si fuera contenido real.<\/p>\n\t\t\t\t\t\t\t<\/figcaption>\n\t\t<\/figure>","protected":false},"excerpt":{"rendered":"<p>D\u00e9rive is a travel &amp; photography WordPress theme, intended to help you create outstanding visual stories. The flexibility of the theme makes it an ideal fit for travel photographers, storytellers, and photojournalists that want to present their experiences online. Michael Chosen Photographer This is some dummy copy. You\u2019re not really [&hellip;]<\/p>","protected":false},"author":1,"featured_media":0,"parent":0,"menu_order":0,"comment_status":"closed","ping_status":"closed","template":"page-templates\/full-width-no-title.php","meta":{"_editorskit_title_hidden":false,"_editorskit_reading_time":1,"_editorskit_is_block_options_detached":false,"_editorskit_block_options_position":"{}","footnotes":""},"class_list":["post-276","page","type-page","status-publish","hentry"],"_links":{"self":[{"href":"https:\/\/doinasia.com\/es\/wp-json\/wp\/v2\/pages\/276","targetHints":{"allow":["GET"]}}],"collection":[{"href":"https:\/\/doinasia.com\/es\/wp-json\/wp\/v2\/pages"}],"about":[{"href":"https:\/\/doinasia.com\/es\/wp-json\/wp\/v2\/types\/page"}],"author":[{"embeddable":true,"href":"https:\/\/doinasia.com\/es\/wp-json\/wp\/v2\/users\/1"}],"replies":[{"embeddable":true,"href":"https:\/\/doinasia.com\/es\/wp-json\/wp\/v2\/comments?post=276"}],"version-history":[{"count":1,"href":"https:\/\/doinasia.com\/es\/wp-json\/wp\/v2\/pages\/276\/revisions"}],"predecessor-version":[{"id":456,"href":"https:\/\/doinasia.com\/es\/wp-json\/wp\/v2\/pages\/276\/revisions\/456"}],"wp:attachment":[{"href":"https:\/\/doinasia.com\/es\/wp-json\/wp\/v2\/media?parent=276"}],"curies":[{"name":"wp","href":"https:\/\/api.w.org\/{rel}","templated":true}]}}