{"id":490,"date":"2025-06-23T11:01:26","date_gmt":"2025-06-23T11:01:26","guid":{"rendered":"http:\/\/localhost:10028\/?page_id=490"},"modified":"2025-06-23T11:01:26","modified_gmt":"2025-06-23T11:01:26","slug":"kontaktieren-sie-uns","status":"publish","type":"page","link":"https:\/\/doinasia.com\/de\/kontaktieren-sie-uns\/","title":{"rendered":"Schreiben Sie uns"},"content":{"rendered":"<p class=\"contact-description\">\n                Wenn Sie mit uns zusammenarbeiten m\u00f6chten oder eine Frage oder einen Kommentar haben, k\u00f6nnen Sie uns \u00fcber das untenstehende Formular kontaktieren. Sie finden auch <a href=\"#\" class=\"info-link\">mehr Infos \u00fcber uns hier<\/a>.\n            <\/p>\n\n\n\n\n<p>[wpzf_form id=\u201d6\u2033]<\/p>","protected":false},"excerpt":{"rendered":"<p>If you&#8217;d like to work with us or you have a question or comment, you can contact us using the form below. You can also find more info about us here.<\/p>","protected":false},"author":1,"featured_media":0,"parent":0,"menu_order":0,"comment_status":"closed","ping_status":"closed","template":"elementor_theme","meta":{"_editorskit_title_hidden":false,"_editorskit_reading_time":0,"_editorskit_is_block_options_detached":false,"_editorskit_block_options_position":"{}","footnotes":""},"class_list":["post-490","page","type-page","status-publish","hentry"],"_links":{"self":[{"href":"https:\/\/doinasia.com\/de\/wp-json\/wp\/v2\/pages\/490","targetHints":{"allow":["GET"]}}],"collection":[{"href":"https:\/\/doinasia.com\/de\/wp-json\/wp\/v2\/pages"}],"about":[{"href":"https:\/\/doinasia.com\/de\/wp-json\/wp\/v2\/types\/page"}],"author":[{"embeddable":true,"href":"https:\/\/doinasia.com\/de\/wp-json\/wp\/v2\/users\/1"}],"replies":[{"embeddable":true,"href":"https:\/\/doinasia.com\/de\/wp-json\/wp\/v2\/comments?post=490"}],"version-history":[{"count":7,"href":"https:\/\/doinasia.com\/de\/wp-json\/wp\/v2\/pages\/490\/revisions"}],"predecessor-version":[{"id":503,"href":"https:\/\/doinasia.com\/de\/wp-json\/wp\/v2\/pages\/490\/revisions\/503"}],"wp:attachment":[{"href":"https:\/\/doinasia.com\/de\/wp-json\/wp\/v2\/media?parent=490"}],"curies":[{"name":"wp","href":"https:\/\/api.w.org\/{rel}","templated":true}]}}